{"id":5,"date":"2020-07-08T00:15:41","date_gmt":"2020-07-08T00:15:41","guid":{"rendered":"https:\/\/cavisistemas.com\/?page_id=5"},"modified":"2022-05-25T20:32:12","modified_gmt":"2022-05-25T20:32:12","slug":"inicio","status":"publish","type":"page","link":"https:\/\/cavisistemas.com\/","title":{"rendered":"CAVISISTEMAS"},"content":{"rendered":"\n<h2 class=\"has-accent-color has-text-color wp-block-heading\">Servicios Administrados de IT <\/h2>\n\n\n\n<h2 class=\"has-accent-color has-text-color wp-block-heading\">Soluciones y&nbsp;\u200bConsultar\u00eda AD-HOC<\/h2>\n\n\n\n<p><\/p>\n\n\n\n<p><\/p>\n\n\n\n<figure class=\"wp-block-gallery alignwide has-nested-images columns-default is-cropped wp-block-gallery-1 is-layout-flex wp-block-gallery-is-layout-flex\">\n<figure class=\"wp-block-image size-full\"><img loading=\"lazy\" decoding=\"async\" width=\"2399\" height=\"865\" data-id=\"196\" src=\"https:\/\/cavisistemas.com\/wp-content\/uploads\/2020\/07\/alianzas-estrategicas.png\" alt=\"\" class=\"wp-image-196\" srcset=\"https:\/\/cavisistemas.com\/wp-content\/uploads\/2020\/07\/alianzas-estrategicas.png 2399w, https:\/\/cavisistemas.com\/wp-content\/uploads\/2020\/07\/alianzas-estrategicas-416x150.png 416w, https:\/\/cavisistemas.com\/wp-content\/uploads\/2020\/07\/alianzas-estrategicas-300x108.png 300w, https:\/\/cavisistemas.com\/wp-content\/uploads\/2020\/07\/alianzas-estrategicas-1024x369.png 1024w, https:\/\/cavisistemas.com\/wp-content\/uploads\/2020\/07\/alianzas-estrategicas-768x277.png 768w, https:\/\/cavisistemas.com\/wp-content\/uploads\/2020\/07\/alianzas-estrategicas-1536x554.png 1536w, https:\/\/cavisistemas.com\/wp-content\/uploads\/2020\/07\/alianzas-estrategicas-2048x738.png 2048w, https:\/\/cavisistemas.com\/wp-content\/uploads\/2020\/07\/alianzas-estrategicas-1200x433.png 1200w, https:\/\/cavisistemas.com\/wp-content\/uploads\/2020\/07\/alianzas-estrategicas-1980x714.png 1980w\" sizes=\"auto, (max-width: 2399px) 100vw, 2399px\" \/><\/figure>\n<figcaption class=\"blocks-gallery-caption\"><strong><span class=\"has-inline-color has-luminous-vivid-orange-color\">ALIANZAS ESTRATEGICAS<\/span><\/strong><\/figcaption><\/figure>\n\n\n\n<div class=\"wp-block-group\"><div class=\"wp-block-group__inner-container is-layout-flow wp-block-group-is-layout-flow\">\n<figure class=\"wp-block-gallery has-nested-images columns-default is-cropped wp-block-gallery-2 is-layout-flex wp-block-gallery-is-layout-flex\">\n<figure class=\"wp-block-image size-large\"><img loading=\"lazy\" decoding=\"async\" width=\"1024\" height=\"683\" data-id=\"161\" src=\"http:\/\/cavisistemas.com\/wp-content\/uploads\/2020\/07\/Consultoria-W-1024x683.jpg\" alt=\"\" class=\"wp-image-161\" srcset=\"https:\/\/cavisistemas.com\/wp-content\/uploads\/2020\/07\/Consultoria-W-1024x683.jpg 1024w, https:\/\/cavisistemas.com\/wp-content\/uploads\/2020\/07\/Consultoria-W-scaled-416x277.jpg 416w, https:\/\/cavisistemas.com\/wp-content\/uploads\/2020\/07\/Consultoria-W-300x200.jpg 300w, https:\/\/cavisistemas.com\/wp-content\/uploads\/2020\/07\/Consultoria-W-768x512.jpg 768w, https:\/\/cavisistemas.com\/wp-content\/uploads\/2020\/07\/Consultoria-W-1536x1024.jpg 1536w, https:\/\/cavisistemas.com\/wp-content\/uploads\/2020\/07\/Consultoria-W-2048x1365.jpg 2048w, https:\/\/cavisistemas.com\/wp-content\/uploads\/2020\/07\/Consultoria-W-1200x800.jpg 1200w, https:\/\/cavisistemas.com\/wp-content\/uploads\/2020\/07\/Consultoria-W-1980x1320.jpg 1980w\" sizes=\"auto, (max-width: 1024px) 100vw, 1024px\" \/><\/figure>\n\n\n\n<figure class=\"wp-block-image size-large\"><img loading=\"lazy\" decoding=\"async\" width=\"405\" height=\"327\" data-id=\"152\" src=\"http:\/\/cavisistemas.com\/wp-content\/uploads\/2020\/07\/servicios-administrados.png\" alt=\"\" class=\"wp-image-152\" srcset=\"https:\/\/cavisistemas.com\/wp-content\/uploads\/2020\/07\/servicios-administrados.png 405w, https:\/\/cavisistemas.com\/wp-content\/uploads\/2020\/07\/servicios-administrados-300x242.png 300w\" sizes=\"auto, (max-width: 405px) 100vw, 405px\" \/><\/figure>\n<\/figure>\n\n\n<\/div><\/div>\n\n\n\n<div class=\"wp-block-cover is-light\"><span aria-hidden=\"true\" class=\"wp-block-cover__background has-background-dim\"><\/span><img loading=\"lazy\" decoding=\"async\" width=\"1024\" height=\"683\" class=\"wp-block-cover__image-background wp-image-140\" alt=\"\" src=\"http:\/\/cavisistemas.com\/wp-content\/uploads\/2020\/07\/scott-graham-5fNmWej4tAA-unsplash-1024x683.jpg\" data-object-fit=\"cover\" srcset=\"https:\/\/cavisistemas.com\/wp-content\/uploads\/2020\/07\/scott-graham-5fNmWej4tAA-unsplash-1024x683.jpg 1024w, https:\/\/cavisistemas.com\/wp-content\/uploads\/2020\/07\/scott-graham-5fNmWej4tAA-unsplash-scaled-416x278.jpg 416w, https:\/\/cavisistemas.com\/wp-content\/uploads\/2020\/07\/scott-graham-5fNmWej4tAA-unsplash-300x200.jpg 300w, https:\/\/cavisistemas.com\/wp-content\/uploads\/2020\/07\/scott-graham-5fNmWej4tAA-unsplash-768x513.jpg 768w, https:\/\/cavisistemas.com\/wp-content\/uploads\/2020\/07\/scott-graham-5fNmWej4tAA-unsplash-1536x1025.jpg 1536w, https:\/\/cavisistemas.com\/wp-content\/uploads\/2020\/07\/scott-graham-5fNmWej4tAA-unsplash-2048x1367.jpg 2048w, https:\/\/cavisistemas.com\/wp-content\/uploads\/2020\/07\/scott-graham-5fNmWej4tAA-unsplash-1200x801.jpg 1200w, https:\/\/cavisistemas.com\/wp-content\/uploads\/2020\/07\/scott-graham-5fNmWej4tAA-unsplash-1980x1321.jpg 1980w\" sizes=\"auto, (max-width: 1024px) 100vw, 1024px\" \/><div class=\"wp-block-cover__inner-container is-layout-flow wp-block-cover-is-layout-flow\">\n<p class=\"has-huge-font-size\"><strong>REALIZA TU PROYECTO CON NOSOTROS<\/strong><\/p>\n\n\n\n<p class=\"has-large-font-size\"><div class=\"everest-forms\"><div class=\"evf-container default\" id=\"evf-108\"><form id=\"evf-form-108\" class=\"everest-form\" data-formid=\"108\" data-ajax_submission=\"0\" data-keyboard_friendly_form=\"0\" method=\"post\" enctype=\"multipart\/form-data\" action=\"\/index.php?rest_route=%2Fwp%2Fv2%2Fpages%2F5\"><div class=\"evf-field-container\"><input type=\"hidden\" id=\"_wpnonce108\" name=\"_wpnonce108\" value=\"5a0b06df3e\" \/><input type=\"hidden\" name=\"_wp_http_referer\" value=\"\/index.php?rest_route=%2Fwp%2Fv2%2Fpages%2F5\" \/><div class=\"evf-frontend-row\" data-row=\"row_1\"><div class=\"evf-frontend-grid evf-grid-1\" data-grid=\"grid_1\"><div id=\"evf-108-field_fullname-container\" class=\"evf-field evf-field-text form-row validate-required\" data-required-field-message=\"Este campo es obligatorio.\" data-field-id=\"fullname\"><label class=\"evf-field-label\" for=\"evf-108-field_fullname\"><span class=\"evf-label\">Nombre<\/span> <abbr class=\"required\" title=\"Obligatorio\">*<\/abbr><\/label><input type=\"text\" id=\"evf-108-field_fullname\" class=\"input-text\" name=\"everest_forms[form_fields][fullname]\" required><\/div><div id=\"evf-108-field_email-container\" class=\"evf-field evf-field-email form-row validate-required validate-email\" data-required-field-message=\"Por favor, usa una direcci\u00f3n de correo electr\u00f3nico v\u00e1lida.\" data-field-id=\"email\"><label class=\"evf-field-label\" for=\"evf-108-field_email\"><span class=\"evf-label\">Email<\/span> <abbr class=\"required\" title=\"Obligatorio\">*<\/abbr><\/label><input type=\"email\" id=\"evf-108-field_email\" class=\"input-text\" name=\"everest_forms[form_fields][email]\" required ><\/div><div id=\"evf-108-field_subject-container\" class=\"evf-field evf-field-text form-row validate-required\" data-required-field-message=\"Este campo es obligatorio.\" data-field-id=\"subject\"><label class=\"evf-field-label\" for=\"evf-108-field_subject\"><span class=\"evf-label\">Tema<\/span> <abbr class=\"required\" title=\"Obligatorio\">*<\/abbr><\/label><input type=\"text\" id=\"evf-108-field_subject\" class=\"input-text\" name=\"everest_forms[form_fields][subject]\" required><\/div><div id=\"evf-108-field_message-container\" class=\"evf-field evf-field-textarea form-row validate-required\" data-required-field-message=\"Este campo es obligatorio.\" data-field-id=\"message\"><label class=\"evf-field-label\" for=\"evf-108-field_message\"><span class=\"evf-label\">Mensaje<\/span> <abbr class=\"required\" title=\"Obligatorio\">*<\/abbr><\/label><textarea id=\"evf-108-field_message\" class=\"input-text\" name=\"everest_forms[form_fields][message]\" required ><\/textarea><\/div><\/div><\/div><\/div><div class=\"evf-honeypot-container evf-field-hp\"><label for=\"evf-108-field-hp\" class=\"evf-field-label\">Name<\/label><input type=\"text\" name=\"everest_forms[hp]\" id=\"evf-108-field-hp\" class=\"input-text\"><\/div><div class=\"evf-recaptcha-container \" style=\"display:block\"><div class=\"g-recaptcha\" data-sitekey=\"6LeU7-kcAAAAAAOGrPV4UqYtrDdFFnv25b_iSB65\"><\/div><\/div><div class=\"evf-submit-container \" ><input type=\"hidden\" name=\"everest_forms[id]\" value=\"108\"><input type=\"hidden\" name=\"everest_forms[author]\" value=\"1\"><button type='submit' name='everest_forms[submit]' class='everest-forms-submit-button button evf-submit ' id='evf-submit-108' value='evf-submit' data-process-text=\"Procesando...\" conditional_rules='&quot;&quot;' conditional_id='evf-submit-108'  id=\"evf-submit-108\" aria-live=\"assertive\">Enviar<\/button><\/div><\/form><\/div><!-- .evf-container --><\/div><\/p>\n<\/div><\/div>\n\n\n\n<div class=\"wp-block-media-text alignwide is-stacked-on-mobile\" style=\"grid-template-columns:15% auto\"><figure class=\"wp-block-media-text__media\"><img loading=\"lazy\" decoding=\"async\" width=\"360\" height=\"354\" src=\"http:\/\/cavisistemas.com\/wp-content\/uploads\/2020\/07\/Whatsapp_logo-3.png\" alt=\"\" class=\"wp-image-215 size-full\" srcset=\"https:\/\/cavisistemas.com\/wp-content\/uploads\/2020\/07\/Whatsapp_logo-3.png 360w, https:\/\/cavisistemas.com\/wp-content\/uploads\/2020\/07\/Whatsapp_logo-3-300x295.png 300w\" sizes=\"auto, (max-width: 360px) 100vw, 360px\" \/><\/figure><div class=\"wp-block-media-text__content\">\n<h2 class=\"wp-block-heading\">:\u00a1:  :\u00a1:<\/h2>\n\n\n\n<p><\/p>\n<\/div><\/div>\n","protected":false},"excerpt":{"rendered":"<p>Servicios Administrados de IT Soluciones y&nbsp;\u200bConsultar\u00eda AD-HOC :\u00a1: :\u00a1:<\/p>\n","protected":false},"author":1,"featured_media":152,"parent":0,"menu_order":0,"comment_status":"closed","ping_status":"closed","template":"template-homepage.php","meta":{"footnotes":""},"class_list":["post-5","page","type-page","status-publish","has-post-thumbnail","hentry"],"_links":{"self":[{"href":"https:\/\/cavisistemas.com\/index.php?rest_route=\/wp\/v2\/pages\/5","targetHints":{"allow":["GET"]}}],"collection":[{"href":"https:\/\/cavisistemas.com\/index.php?rest_route=\/wp\/v2\/pages"}],"about":[{"href":"https:\/\/cavisistemas.com\/index.php?rest_route=\/wp\/v2\/types\/page"}],"author":[{"embeddable":true,"href":"https:\/\/cavisistemas.com\/index.php?rest_route=\/wp\/v2\/users\/1"}],"replies":[{"embeddable":true,"href":"https:\/\/cavisistemas.com\/index.php?rest_route=%2Fwp%2Fv2%2Fcomments&post=5"}],"version-history":[{"count":19,"href":"https:\/\/cavisistemas.com\/index.php?rest_route=\/wp\/v2\/pages\/5\/revisions"}],"predecessor-version":[{"id":307,"href":"https:\/\/cavisistemas.com\/index.php?rest_route=\/wp\/v2\/pages\/5\/revisions\/307"}],"wp:featuredmedia":[{"embeddable":true,"href":"https:\/\/cavisistemas.com\/index.php?rest_route=\/wp\/v2\/media\/152"}],"wp:attachment":[{"href":"https:\/\/cavisistemas.com\/index.php?rest_route=%2Fwp%2Fv2%2Fmedia&parent=5"}],"curies":[{"name":"wp","href":"https:\/\/api.w.org\/{rel}","templated":true}]}}